{"id":10983,"date":"2023-04-11T21:55:31","date_gmt":"2023-04-11T21:55:31","guid":{"rendered":"https:\/\/ihsproject.org\/?page_id=10983"},"modified":"2024-02-15T17:10:03","modified_gmt":"2024-02-15T17:10:03","slug":"sdc","status":"publish","type":"page","link":"https:\/\/ihsproject.org\/sq\/sdc\/","title":{"rendered":"SDC"},"content":{"rendered":"<div data-elementor-type=\"wp-page\" data-elementor-id=\"10983\" class=\"elementor elementor-10983\">\n\t\t\t\t<div class=\"elementor-element elementor-element-6da3124 e-con-full e-flex e-con e-parent\" data-id=\"6da3124\" data-element_type=\"container\" data-settings=\"{&quot;background_background&quot;:&quot;classic&quot;}\" data-core-v316-plus=\"true\">\n\t\t<div class=\"elementor-element elementor-element-1517316 e-con-full e-flex e-con e-child\" data-id=\"1517316\" data-element_type=\"container\" data-settings=\"{&quot;background_background&quot;:&quot;classic&quot;}\">\n\t\t\t\t<\/div>\n\t\t<div class=\"elementor-element elementor-element-0103f4f e-con-full e-flex e-con e-child\" data-id=\"0103f4f\" data-element_type=\"container\">\n\t\t\t\t<div class=\"elementor-element elementor-element-ee1e4df main-page-img elementor-widget elementor-widget-image\" data-id=\"ee1e4df\" data-element_type=\"widget\" data-widget_type=\"image.default\">\n\t\t\t\t<div class=\"elementor-widget-container\">\n\t\t\t\t\t\t\t\t\t\t\t\t\t<img fetchpriority=\"high\" decoding=\"async\" width=\"1600\" height=\"800\" src=\"https:\/\/ihsproject.org\/wp-content\/uploads\/2023\/11\/Enhancing_Health_Reporting_in_the_Media.jpg\" class=\"attachment-full size-full wp-image-12861\" alt=\"\" srcset=\"https:\/\/ihsproject.org\/wp-content\/uploads\/2023\/11\/Enhancing_Health_Reporting_in_the_Media.jpg 1600w, https:\/\/ihsproject.org\/wp-content\/uploads\/2023\/11\/Enhancing_Health_Reporting_in_the_Media-300x150.jpg 300w, https:\/\/ihsproject.org\/wp-content\/uploads\/2023\/11\/Enhancing_Health_Reporting_in_the_Media-1024x512.jpg 1024w, https:\/\/ihsproject.org\/wp-content\/uploads\/2023\/11\/Enhancing_Health_Reporting_in_the_Media-768x384.jpg 768w, https:\/\/ihsproject.org\/wp-content\/uploads\/2023\/11\/Enhancing_Health_Reporting_in_the_Media-1536x768.jpg 1536w, https:\/\/ihsproject.org\/wp-content\/uploads\/2023\/11\/Enhancing_Health_Reporting_in_the_Media-18x9.jpg 18w\" sizes=\"(max-width: 1600px) 100vw, 1600px\" \/>\t\t\t\t\t\t\t\t\t\t\t\t\t<\/div>\n\t\t\t\t<\/div>\n\t\t\t\t<\/div>\n\t\t\t\t<\/div>\n\t\t\t\t<section class=\"elementor-section elementor-top-section elementor-element elementor-element-5545f843 elementor-section-boxed elementor-section-height-default elementor-section-height-default\" data-id=\"5545f843\" data-element_type=\"section\" data-settings=\"{&quot;background_background&quot;:&quot;classic&quot;}\">\n\t\t\t\t\t\t<div class=\"elementor-container elementor-column-gap-default\">\n\t\t\t\t\t<div class=\"elementor-column elementor-col-100 elementor-top-column elementor-element elementor-element-2b33252f\" data-id=\"2b33252f\" data-element_type=\"column\" data-settings=\"{&quot;background_background&quot;:&quot;classic&quot;}\">\n\t\t\t<div class=\"elementor-widget-wrap elementor-element-populated\">\n\t\t\t\t\t\t<section class=\"elementor-section elementor-inner-section elementor-element elementor-element-584e260e elementor-section-boxed elementor-section-height-default elementor-section-height-default\" data-id=\"584e260e\" data-element_type=\"section\">\n\t\t\t\t\t\t<div class=\"elementor-container elementor-column-gap-default\">\n\t\t\t\t\t<div class=\"elementor-column elementor-col-50 elementor-inner-column elementor-element elementor-element-11c2446b\" data-id=\"11c2446b\" data-element_type=\"column\">\n\t\t\t<div class=\"elementor-widget-wrap elementor-element-populated\">\n\t\t\t\t\t\t<div class=\"elementor-element elementor-element-4b79cc23 elementor-widget elementor-widget-image\" data-id=\"4b79cc23\" data-element_type=\"widget\" data-widget_type=\"image.default\">\n\t\t\t\t<div class=\"elementor-widget-container\">\n\t\t\t\t\t\t\t\t\t\t\t\t\t<img decoding=\"async\" width=\"291\" height=\"109\" src=\"https:\/\/ihsproject.org\/wp-content\/uploads\/2020\/07\/swiss.png\" class=\"attachment-large size-large wp-image-8529\" alt=\"\" \/>\t\t\t\t\t\t\t\t\t\t\t\t\t<\/div>\n\t\t\t\t<\/div>\n\t\t\t\t\t<\/div>\n\t\t<\/div>\n\t\t\t\t<div class=\"elementor-column elementor-col-50 elementor-inner-column elementor-element elementor-element-2b23fa52\" data-id=\"2b23fa52\" data-element_type=\"column\">\n\t\t\t<div class=\"elementor-widget-wrap elementor-element-populated\">\n\t\t\t\t\t\t<div class=\"elementor-element elementor-element-154578ec elementor-widget elementor-widget-heading\" data-id=\"154578ec\" data-element_type=\"widget\" data-widget_type=\"heading.default\">\n\t\t\t\t<div class=\"elementor-widget-container\">\n\t\t\t<h2 class=\"elementor-heading-title elementor-size-default\">Agjencia Zvicerane p\u00ebr Zhvillim dhe Bashk\u00ebpunim<\/h2>\t\t<\/div>\n\t\t\t\t<\/div>\n\t\t\t\t<div class=\"elementor-element elementor-element-3e7d1b7f elementor-widget elementor-widget-text-editor\" data-id=\"3e7d1b7f\" data-element_type=\"widget\" data-widget_type=\"text-editor.default\">\n\t\t\t\t<div class=\"elementor-widget-container\">\n\t\t\t\t\t\t\t<p>The Swiss Agency for Development and Cooperation (SDC) in Kosovo coordinates its programs through the Embassy of Switzerland \/ Swiss Cooperation Office in Kosovo. <br \/>Starting with humanitarian assistance in 1998, Switzerland\u2019s cooperation with Kosovo <br \/>has increasingly been shifted to supporting reform processes.<\/p><p>The Swiss program portfolio is organized in four main domains:<\/p><p>1. Qeverisja demokratike dhe siguria njer\u00ebzore,<\/p><p>2. Ekonomia dhe pun\u00ebsimi,<\/p><p>3. Uji dhe q\u00ebndrueshm\u00ebria ndaj ndryshimeve\nklimatike, dhe<\/p><p>4. Sh\u00ebndeti. Projekti IHS \u00ebsht\u00eb n\u00ebn fush\u00ebn e sh\u00ebndetit.<\/p>\t\t\t\t\t\t<\/div>\n\t\t\t\t<\/div>\n\t\t\t\t<div class=\"elementor-element elementor-element-9341fea elementor-widget elementor-widget-button\" data-id=\"9341fea\" data-element_type=\"widget\" data-widget_type=\"button.default\">\n\t\t\t\t<div class=\"elementor-widget-container\">\n\t\t\t\t\t<div class=\"elementor-button-wrapper\">\n\t\t\t<a class=\"elementor-button elementor-button-link elementor-size-sm\" href=\"https:\/\/www.swisstph.ch\/en\/\">\n\t\t\t\t\t\t<span class=\"elementor-button-content-wrapper\">\n\t\t\t\t\t\t<span class=\"elementor-button-text\">Lexo m\u00eb shum\u00eb<\/span>\n\t\t<\/span>\n\t\t\t\t\t<\/a>\n\t\t<\/div>\n\t\t\t\t<\/div>\n\t\t\t\t<\/div>\n\t\t\t\t\t<\/div>\n\t\t<\/div>\n\t\t\t\t\t<\/div>\n\t\t<\/section>\n\t\t\t\t<div class=\"elementor-element elementor-element-5567872b elementor-widget elementor-widget-spacer\" data-id=\"5567872b\" data-element_type=\"widget\" data-widget_type=\"spacer.default\">\n\t\t\t\t<div class=\"elementor-widget-container\">\n\t\t\t\t\t<div class=\"elementor-spacer\">\n\t\t\t<div class=\"elementor-spacer-inner\"><\/div>\n\t\t<\/div>\n\t\t\t\t<\/div>\n\t\t\t\t<\/div>\n\t\t\t\t\t<\/div>\n\t\t<\/div>\n\t\t\t\t\t<\/div>\n\t\t<\/section>\n\t\t\t\t<\/div>","protected":false},"excerpt":{"rendered":"<p>Swiss Agency for Development and Cooperation The Swiss Agency for Development and Cooperation (SDC) in Kosovo coordinates its programs through the Embassy of Switzerland \/ Swiss Cooperation Office in Kosovo. Starting with humanitarian assistance in 1998, Switzerland\u2019s cooperation with Kosovo has increasingly been shifted to supporting reform processes. The Swiss program portfolio is organized in [&hellip;]<\/p>","protected":false},"author":1,"featured_media":0,"parent":0,"menu_order":0,"comment_status":"closed","ping_status":"closed","template":"","meta":[],"_links":{"self":[{"href":"https:\/\/ihsproject.org\/sq\/wp-json\/wp\/v2\/pages\/10983"}],"collection":[{"href":"https:\/\/ihsproject.org\/sq\/wp-json\/wp\/v2\/pages"}],"about":[{"href":"https:\/\/ihsproject.org\/sq\/wp-json\/wp\/v2\/types\/page"}],"author":[{"embeddable":true,"href":"https:\/\/ihsproject.org\/sq\/wp-json\/wp\/v2\/users\/1"}],"replies":[{"embeddable":true,"href":"https:\/\/ihsproject.org\/sq\/wp-json\/wp\/v2\/comments?post=10983"}],"version-history":[{"count":22,"href":"https:\/\/ihsproject.org\/sq\/wp-json\/wp\/v2\/pages\/10983\/revisions"}],"predecessor-version":[{"id":13169,"href":"https:\/\/ihsproject.org\/sq\/wp-json\/wp\/v2\/pages\/10983\/revisions\/13169"}],"wp:attachment":[{"href":"https:\/\/ihsproject.org\/sq\/wp-json\/wp\/v2\/media?parent=10983"}],"curies":[{"name":"wp","href":"https:\/\/api.w.org\/{rel}","templated":true}]}}